{"id":50,"date":"2023-08-28T14:36:53","date_gmt":"2023-08-28T14:36:53","guid":{"rendered":"https:\/\/gartney.dk\/?page_id=50"},"modified":"2023-08-30T19:51:23","modified_gmt":"2023-08-30T19:51:23","slug":"om-gartney","status":"publish","type":"page","link":"https:\/\/gartney.dk\/index.php\/om-gartney\/","title":{"rendered":"Om Gartney"},"content":{"rendered":"\t\t<div data-elementor-type=\"wp-page\" data-elementor-id=\"50\" class=\"elementor elementor-50\">\n\t\t\t\t\t\t<section class=\"elementor-section elementor-top-section elementor-element elementor-element-2f4633b elementor-section-boxed elementor-section-height-default elementor-section-height-default\" data-id=\"2f4633b\" data-element_type=\"section\" data-e-type=\"section\">\n\t\t\t\t\t\t<div class=\"elementor-container elementor-column-gap-default\">\n\t\t\t\t\t<div class=\"elementor-column elementor-col-100 elementor-top-column elementor-element elementor-element-c732c58\" data-id=\"c732c58\" data-element_type=\"column\" data-e-type=\"column\">\n\t\t\t<div class=\"elementor-widget-wrap elementor-element-populated\">\n\t\t\t\t\t\t\t<\/div>\n\t\t<\/div>\n\t\t\t\t\t<\/div>\n\t\t<\/section>\n\t\t\t\t<section class=\"elementor-section elementor-top-section elementor-element elementor-element-0f8509c elementor-section-boxed elementor-section-height-default elementor-section-height-default\" data-id=\"0f8509c\" data-element_type=\"section\" data-e-type=\"section\">\n\t\t\t\t\t\t<div class=\"elementor-container elementor-column-gap-default\">\n\t\t\t\t\t<div class=\"elementor-column elementor-col-100 elementor-top-column elementor-element elementor-element-4431b12\" data-id=\"4431b12\" data-element_type=\"column\" data-e-type=\"column\">\n\t\t\t<div class=\"elementor-widget-wrap elementor-element-populated\">\n\t\t\t\t\t\t<section class=\"elementor-section elementor-inner-section elementor-element elementor-element-eead5e1 elementor-section-boxed elementor-section-height-default elementor-section-height-default\" data-id=\"eead5e1\" data-element_type=\"section\" data-e-type=\"section\">\n\t\t\t\t\t\t<div class=\"elementor-container elementor-column-gap-default\">\n\t\t\t\t\t<div class=\"elementor-column elementor-col-50 elementor-inner-column elementor-element elementor-element-2abe1cc\" data-id=\"2abe1cc\" data-element_type=\"column\" data-e-type=\"column\">\n\t\t\t<div class=\"elementor-widget-wrap elementor-element-populated\">\n\t\t\t\t\t\t<div class=\"elementor-element elementor-element-0951d50 elementor-widget elementor-widget-image\" data-id=\"0951d50\" data-element_type=\"widget\" data-e-type=\"widget\" data-widget_type=\"image.default\">\n\t\t\t\t<div class=\"elementor-widget-container\">\n\t\t\t\t\t\t\t\t\t\t\t\t\t\t\t<img fetchpriority=\"high\" decoding=\"async\" width=\"768\" height=\"1024\" src=\"https:\/\/gartney.dk\/wp-content\/uploads\/2023\/08\/IMG_1636-768x1024.jpg\" class=\"attachment-large size-large wp-image-39\" alt=\"\" srcset=\"https:\/\/gartney.dk\/wp-content\/uploads\/2023\/08\/IMG_1636-768x1024.jpg 768w, https:\/\/gartney.dk\/wp-content\/uploads\/2023\/08\/IMG_1636-225x300.jpg 225w, https:\/\/gartney.dk\/wp-content\/uploads\/2023\/08\/IMG_1636-1152x1536.jpg 1152w, https:\/\/gartney.dk\/wp-content\/uploads\/2023\/08\/IMG_1636-1536x2048.jpg 1536w, https:\/\/gartney.dk\/wp-content\/uploads\/2023\/08\/IMG_1636-scaled.jpg 1920w\" sizes=\"(max-width: 768px) 100vw, 768px\" \/>\t\t\t\t\t\t\t\t\t\t\t\t\t\t\t<\/div>\n\t\t\t\t<\/div>\n\t\t\t\t\t<\/div>\n\t\t<\/div>\n\t\t\t\t<div class=\"elementor-column elementor-col-50 elementor-inner-column elementor-element elementor-element-621c1b6\" data-id=\"621c1b6\" data-element_type=\"column\" data-e-type=\"column\">\n\t\t\t<div class=\"elementor-widget-wrap elementor-element-populated\">\n\t\t\t\t\t\t<div class=\"elementor-element elementor-element-ddb1bf3 elementor-widget elementor-widget-heading\" data-id=\"ddb1bf3\" data-element_type=\"widget\" data-e-type=\"widget\" data-widget_type=\"heading.default\">\n\t\t\t\t<div class=\"elementor-widget-container\">\n\t\t\t\t\t<h2 class=\"elementor-heading-title elementor-size-default\"><span style=\"font-family: var( --e-global-typography-primary-font-family ), Sans-serif;font-size: 2.66667rem;font-weight: var( --e-global-typography-primary-font-weight );background-color: var(--ast-global-color-5)\">Om Gartney<\/span><\/h2>\t\t\t\t<\/div>\n\t\t\t\t<\/div>\n\t\t\t\t<div class=\"elementor-element elementor-element-a954b1d elementor-widget elementor-widget-text-editor\" data-id=\"a954b1d\" data-element_type=\"widget\" data-e-type=\"widget\" data-widget_type=\"text-editor.default\">\n\t\t\t\t<div class=\"elementor-widget-container\">\n\t\t\t\t\t\t\t\t\t<p style=\"font-size: 18px; font-style: normal; font-weight: 400;\"><span style=\"color: var( --e-global-color-text ); font-family: var( --e-global-typography-text-font-family ), Sans-serif; background-color: var(--ast-global-color-5);\">Jeg er fotograf, Soul Realignment Practitioner, Reiki og Emotion Code healer, ID mentor og coach.Og s\u00e5 er jeg den ene af de to initiativtagere til Holb\u00e6k helsemesse.<\/span><\/p><p style=\"font-size: 18px; font-style: normal; font-weight: 400;\">Med mange \u00e5rs erfaring inden for den holistiske, terapeutiske og spirituelle verden, og har jeg udviklet meditations- og healings billeder. Det blev tydeligt for mig, da jeg blev ved med at dr\u00f8mme den samme dr\u00f8m igen og igen\u00a0 i over et \u00e5r dr\u00f8m. Vi kunne sige, at jeg blev guidet af min gamle afd\u00f8de fotograf l\u00e6remester, fra den anden side.<\/p><p style=\"font-size: 18px; font-style: normal; font-weight: 400;\"><span style=\"color: var( --e-global-color-text ); font-family: var( --e-global-typography-text-font-family ), Sans-serif; background-color: var(--ast-global-color-5);\">Billederne er gode til healing af chakraer eller bruges til meditation eller anden v\u00e6ren.\u00a0<\/span><span style=\"color: var( --e-global-color-text ); font-family: var( --e-global-typography-text-font-family ), Sans-serif; background-color: var(--ast-global-color-5);\">Meditations- og healings billederne forhandles i et samles\u00e6t af 7 billeder og repr\u00e6senterer de syv chakraer.<\/span><\/p><p style=\"font-size: 18px; font-style: normal; font-weight: 400;\">De kan ogs\u00e5 bestilles enkeltvis i \u00f8nsket st\u00f8rrelse p\u00e5 l\u00e6rred.<\/p>\t\t\t\t\t\t\t\t<\/div>\n\t\t\t\t<\/div>\n\t\t\t\t\t<\/div>\n\t\t<\/div>\n\t\t\t\t\t<\/div>\n\t\t<\/section>\n\t\t\t\t\t<\/div>\n\t\t<\/div>\n\t\t\t\t\t<\/div>\n\t\t<\/section>\n\t\t\t\t<\/div>\n\t\t","protected":false},"excerpt":{"rendered":"<p>Om Gartney Jeg er fotograf, Soul Realignment Practitioner, Reiki og Emotion Code healer, ID mentor og coach.Og s\u00e5 er jeg den ene af de to initiativtagere til Holb\u00e6k helsemesse. Med mange \u00e5rs erfaring inden for den holistiske, terapeutiske og spirituelle verden, og har jeg udviklet meditations- og healings billeder. Det blev tydeligt for mig, da [&hellip;]<\/p>\n","protected":false},"author":1,"featured_media":0,"parent":0,"menu_order":0,"comment_status":"closed","ping_status":"closed","template":"","meta":{"site-sidebar-layout":"no-sidebar","site-content-layout":"page-builder","ast-site-content-layout":"default","site-content-style":"default","site-sidebar-style":"default","ast-global-header-display":"","ast-banner-title-visibility":"","ast-main-header-display":"","ast-hfb-above-header-display":"","ast-hfb-below-header-display":"","ast-hfb-mobile-header-display":"","site-post-title":"disabled","ast-breadcrumbs-content":"","ast-featured-img":"disabled","footer-sml-layout":"","ast-disable-related-posts":"","theme-transparent-header-meta":"","adv-header-id-meta":"","stick-header-meta":"","header-above-stick-meta":"","header-main-stick-meta":"","header-below-stick-meta":"","astra-migrate-meta-layouts":"default","ast-page-background-enabled":"default","ast-page-background-meta":{"desktop":{"background-color":"var(--ast-global-color-4)","background-image":"","background-repeat":"repeat","background-position":"center center","background-size":"auto","background-attachment":"scroll","background-type":"","background-media":"","overlay-type":"","overlay-color":"","overlay-opacity":"","overlay-gradient":""},"tablet":{"background-color":"","background-image":"","background-repeat":"repeat","background-position":"center center","background-size":"auto","background-attachment":"scroll","background-type":"","background-media":"","overlay-type":"","overlay-color":"","overlay-opacity":"","overlay-gradient":""},"mobile":{"background-color":"","background-image":"","background-repeat":"repeat","background-position":"center center","background-size":"auto","background-attachment":"scroll","background-type":"","background-media":"","overlay-type":"","overlay-color":"","overlay-opacity":"","overlay-gradient":""}},"ast-content-background-meta":{"desktop":{"background-color":"var(--ast-global-color-5)","background-image":"","background-repeat":"repeat","background-position":"center center","background-size":"auto","background-attachment":"scroll","background-type":"","background-media":"","overlay-type":"","overlay-color":"","overlay-opacity":"","overlay-gradient":""},"tablet":{"background-color":"var(--ast-global-color-5)","background-image":"","background-repeat":"repeat","background-position":"center center","background-size":"auto","background-attachment":"scroll","background-type":"","background-media":"","overlay-type":"","overlay-color":"","overlay-opacity":"","overlay-gradient":""},"mobile":{"background-color":"var(--ast-global-color-5)","background-image":"","background-repeat":"repeat","background-position":"center center","background-size":"auto","background-attachment":"scroll","background-type":"","background-media":"","overlay-type":"","overlay-color":"","overlay-opacity":"","overlay-gradient":""}},"footnotes":""},"class_list":["post-50","page","type-page","status-publish","hentry"],"_links":{"self":[{"href":"https:\/\/gartney.dk\/index.php\/wp-json\/wp\/v2\/pages\/50","targetHints":{"allow":["GET"]}}],"collection":[{"href":"https:\/\/gartney.dk\/index.php\/wp-json\/wp\/v2\/pages"}],"about":[{"href":"https:\/\/gartney.dk\/index.php\/wp-json\/wp\/v2\/types\/page"}],"author":[{"embeddable":true,"href":"https:\/\/gartney.dk\/index.php\/wp-json\/wp\/v2\/users\/1"}],"replies":[{"embeddable":true,"href":"https:\/\/gartney.dk\/index.php\/wp-json\/wp\/v2\/comments?post=50"}],"version-history":[{"count":19,"href":"https:\/\/gartney.dk\/index.php\/wp-json\/wp\/v2\/pages\/50\/revisions"}],"predecessor-version":[{"id":190,"href":"https:\/\/gartney.dk\/index.php\/wp-json\/wp\/v2\/pages\/50\/revisions\/190"}],"wp:attachment":[{"href":"https:\/\/gartney.dk\/index.php\/wp-json\/wp\/v2\/media?parent=50"}],"curies":[{"name":"wp","href":"https:\/\/api.w.org\/{rel}","templated":true}]}}